{"id":154,"date":"2020-07-25T11:13:39","date_gmt":"2020-07-25T08:13:39","guid":{"rendered":"http:\/\/abdulvahitbayrakci.av.tr\/?page_id=154"},"modified":"2020-07-25T11:14:47","modified_gmt":"2020-07-25T08:14:47","slug":"ticaret-hukuku","status":"publish","type":"page","link":"https:\/\/abdulvahitbayrakci.av.tr\/?page_id=154","title":{"rendered":"Ticaret Hukuku"},"content":{"rendered":"<p><b>Ticaret hukuku<\/b>, hukukun, ticaretle ili\u015fkili t\u00fcm mevzuat\u0131 kapsayan bir alt dal\u0131d\u0131r. \u0130\u015fletmeler, tacirler, bireyler aras\u0131ndaki ticari ili\u015fkileri, al\u0131\u015fveri\u015fi ve taraflar\u0131n haklar\u0131n\u0131 d\u00fczenler.<sup id=\"cite_ref-1\" class=\"reference\"><a href=\"https:\/\/tr.wikipedia.org\/wiki\/Ticaret_hukuku#cite_note-1\">[1]<\/a><\/sup><\/p>\n<p>H\u00fck\u00fcmler \u00fclkemizde, temel olarak&nbsp;<a class=\"new\" title=\"Ticaret Kanunu (sayfa mevcut de\u011fil)\" href=\"https:\/\/tr.wikipedia.org\/w\/index.php?title=Ticaret_Kanunu&amp;action=edit&amp;redlink=1\">Ticaret Kanunu<\/a>&#8216;nda toplanm\u0131\u015ft\u0131r (2011&#8217;da&nbsp;<a title=\"T\u00fcrk Ticaret Kanunu\" href=\"https:\/\/tr.wikipedia.org\/wiki\/T%C3%BCrk_Ticaret_Kanunu\">6102 say\u0131l\u0131 yasa<\/a>). Ayr\u0131ca&nbsp;<a class=\"new\" title=\"Sermaye Piyasas\u0131 Kanunu (sayfa mevcut de\u011fil)\" href=\"https:\/\/tr.wikipedia.org\/w\/index.php?title=Sermaye_Piyasas%C4%B1_Kanunu&amp;action=edit&amp;redlink=1\">Sermaye Piyasas\u0131 Kanunu<\/a>,&nbsp;<a class=\"new\" title=\"Banka Kartlar\u0131 ve Kredi Kartlar\u0131 Kanunu (sayfa mevcut de\u011fil)\" href=\"https:\/\/tr.wikipedia.org\/w\/index.php?title=Banka_Kartlar%C4%B1_ve_Kredi_Kartlar%C4%B1_Kanunu&amp;action=edit&amp;redlink=1\">Banka Kartlar\u0131 ve Kredi Kartlar\u0131 Kanunu<\/a>&nbsp;ticaret hukuku kanunlar\u0131ndand\u0131r.<\/p>\n<p>Ticaret hukukunun genel kavramlar\u0131&nbsp;<a class=\"new\" title=\"Tacir (sayfa mevcut de\u011fil)\" href=\"https:\/\/tr.wikipedia.org\/w\/index.php?title=Tacir&amp;action=edit&amp;redlink=1\">tacir<\/a>, ticari i\u015fletme,&nbsp;<a class=\"new\" title=\"Ticaret sicili (sayfa mevcut de\u011fil)\" href=\"https:\/\/tr.wikipedia.org\/w\/index.php?title=Ticaret_sicili&amp;action=edit&amp;redlink=1\">ticaret sicili<\/a>, ticaret unvan\u0131, haks\u0131z rekabet,&nbsp;<a class=\"new\" title=\"Ticari defterler (sayfa mevcut de\u011fil)\" href=\"https:\/\/tr.wikipedia.org\/w\/index.php?title=Ticari_defterler&amp;action=edit&amp;redlink=1\">ticari defterler<\/a>, cari hesap, ticari i\u015fler tellall\u0131\u011f\u0131, acentel\u0131k,&nbsp;<a class=\"new\" title=\"Ticaret ortakl\u0131klar\u0131 (sayfa mevcut de\u011fil)\" href=\"https:\/\/tr.wikipedia.org\/w\/index.php?title=Ticaret_ortakl%C4%B1klar%C4%B1&amp;action=edit&amp;redlink=1\">ticaret ortakl\u0131klar\u0131<\/a>&nbsp;ba\u015fl\u0131klar\u0131nda tan\u0131mlan\u0131r.<\/p>\n<p>Ticaret ortakl\u0131klar\u0131&nbsp;<a class=\"new\" title=\"Kolektif (sayfa mevcut de\u011fil)\" href=\"https:\/\/tr.wikipedia.org\/w\/index.php?title=Kolektif&amp;action=edit&amp;redlink=1\">kolektif<\/a>,&nbsp;<a class=\"new\" title=\"Komandit (sayfa mevcut de\u011fil)\" href=\"https:\/\/tr.wikipedia.org\/w\/index.php?title=Komandit&amp;action=edit&amp;redlink=1\">komandit<\/a>,&nbsp;<a class=\"mw-disambig\" title=\"Anonim\" href=\"https:\/\/tr.wikipedia.org\/wiki\/Anonim\">anonim<\/a>,&nbsp;<a class=\"new\" title=\"Limited (sayfa mevcut de\u011fil)\" href=\"https:\/\/tr.wikipedia.org\/w\/index.php?title=Limited&amp;action=edit&amp;redlink=1\">limited<\/a>, kooperatif ortakl\u0131klar\u0131d\u0131r. Belgelerle ilgili hukuk, k\u0131ymetli evrak ba\u015fl\u0131\u011f\u0131nda toplanm\u0131\u015ft\u0131r. D\u00fczenlenme bi\u00e7imleri nama yaz\u0131l\u0131 ve hamiline yaz\u0131l\u0131 olur.<a class=\"mw-disambig\" title=\"Poli\u00e7e\" href=\"https:\/\/tr.wikipedia.org\/wiki\/Poli%C3%A7e\">Poli\u00e7e<\/a>,&nbsp;<a class=\"mw-disambig\" title=\"Bono\" href=\"https:\/\/tr.wikipedia.org\/wiki\/Bono\">bono<\/a>,&nbsp;<a title=\"\u00c7ek (bankac\u0131l\u0131k)\" href=\"https:\/\/tr.wikipedia.org\/wiki\/%C3%87ek_(bankac%C4%B1l%C4%B1k)\">\u00e7ek<\/a>, emtia&nbsp;<a class=\"new\" title=\"Senetler (sayfa mevcut de\u011fil)\" href=\"https:\/\/tr.wikipedia.org\/w\/index.php?title=Senetler&amp;action=edit&amp;redlink=1\">senetleri<\/a>&nbsp;ve ta\u015f\u0131ma senetleri k\u0131ymetli evrak t\u00fcrlerindendir.<\/p>\n<p>Deniz ticaret hukuku, sigorta hukuku (sosyal sigorta hari\u00e7) di\u011fer ticaret hukuku konular\u0131d\u0131r.<\/p>\n<p>&nbsp;<\/p>\n<p>Kaynak : https:\/\/tr.wikipedia.org\/wiki\/Ticaret_hukuku<\/p>\n","protected":false},"excerpt":{"rendered":"<p>Ticaret hukuku, hukukun, ticaretle ili\u015fkili t\u00fcm mevzuat\u0131 kapsayan bir alt dal\u0131d\u0131r. \u0130\u015fletmeler, tacirler, bireyler aras\u0131ndaki ticari ili\u015fkileri, al\u0131\u015fveri\u015fi ve taraflar\u0131n haklar\u0131n\u0131 d\u00fczenler.[1] H\u00fck\u00fcmler \u00fclkemizde, temel olarak&nbsp;Ticaret Kanunu&#8216;nda toplanm\u0131\u015ft\u0131r (2011&#8217;da&nbsp;6102 say\u0131l\u0131 yasa). Ayr\u0131ca&nbsp;Sermaye Piyasas\u0131 Kanunu,&nbsp;Banka Kartlar\u0131 ve Kredi Kartlar\u0131 Kanunu&nbsp;ticaret hukuku kanunlar\u0131ndand\u0131r. Ticaret hukukunun genel kavramlar\u0131&nbsp;tacir, ticari i\u015fletme,&nbsp;ticaret sicili, ticaret unvan\u0131, haks\u0131z rekabet,&nbsp;ticari defterler, cari hesap, [&hellip;]<\/p>\n","protected":false},"author":1,"featured_media":0,"parent":21,"menu_order":5,"comment_status":"closed","ping_status":"closed","template":"","meta":[],"_links":{"self":[{"href":"https:\/\/abdulvahitbayrakci.av.tr\/index.php?rest_route=\/wp\/v2\/pages\/154"}],"collection":[{"href":"https:\/\/abdulvahitbayrakci.av.tr\/index.php?rest_route=\/wp\/v2\/pages"}],"about":[{"href":"https:\/\/abdulvahitbayrakci.av.tr\/index.php?rest_route=\/wp\/v2\/types\/page"}],"author":[{"embeddable":true,"href":"https:\/\/abdulvahitbayrakci.av.tr\/index.php?rest_route=\/wp\/v2\/users\/1"}],"replies":[{"embeddable":true,"href":"https:\/\/abdulvahitbayrakci.av.tr\/index.php?rest_route=%2Fwp%2Fv2%2Fcomments&post=154"}],"version-history":[{"count":2,"href":"https:\/\/abdulvahitbayrakci.av.tr\/index.php?rest_route=\/wp\/v2\/pages\/154\/revisions"}],"predecessor-version":[{"id":157,"href":"https:\/\/abdulvahitbayrakci.av.tr\/index.php?rest_route=\/wp\/v2\/pages\/154\/revisions\/157"}],"up":[{"embeddable":true,"href":"https:\/\/abdulvahitbayrakci.av.tr\/index.php?rest_route=\/wp\/v2\/pages\/21"}],"wp:attachment":[{"href":"https:\/\/abdulvahitbayrakci.av.tr\/index.php?rest_route=%2Fwp%2Fv2%2Fmedia&parent=154"}],"curies":[{"name":"wp","href":"https:\/\/api.w.org\/{rel}","templated":true}]}}