{"id":23,"date":"2020-06-21T23:49:18","date_gmt":"2020-06-21T20:49:18","guid":{"rendered":"http:\/\/abdulvahitbayrakci.av.tr\/?page_id=23"},"modified":"2020-06-29T01:11:18","modified_gmt":"2020-06-28T22:11:18","slug":"bilgi-bankasi","status":"publish","type":"page","link":"https:\/\/abdulvahitbayrakci.av.tr\/?page_id=23","title":{"rendered":"B\u0130LG\u0130 BANKASI"},"content":{"rendered":"\n<ul><li><a rel=\"noreferrer noopener\" href=\"http:\/\/abdulvahitbayrakci.av.tr\/dava-nasil-acilir-dava-acmak-icin-ne-yapmak-gerekir\/\" target=\"_blank\">Dava nas\u0131l a\u00e7\u0131l\u0131r? Dava a\u00e7mak i\u00e7in ne yapmak gerekir ?<\/a><\/li><li>Ki\u015fisel verileri koruma kanunu <\/li><li><\/li><\/ul>\n","protected":false},"excerpt":{"rendered":"<p>Dava nas\u0131l a\u00e7\u0131l\u0131r? Dava a\u00e7mak i\u00e7in ne yapmak gerekir ? Ki\u015fisel verileri koruma kanunu<\/p>\n","protected":false},"author":1,"featured_media":0,"parent":0,"menu_order":3,"comment_status":"closed","ping_status":"closed","template":"","meta":[],"_links":{"self":[{"href":"https:\/\/abdulvahitbayrakci.av.tr\/index.php?rest_route=\/wp\/v2\/pages\/23"}],"collection":[{"href":"https:\/\/abdulvahitbayrakci.av.tr\/index.php?rest_route=\/wp\/v2\/pages"}],"about":[{"href":"https:\/\/abdulvahitbayrakci.av.tr\/index.php?rest_route=\/wp\/v2\/types\/page"}],"author":[{"embeddable":true,"href":"https:\/\/abdulvahitbayrakci.av.tr\/index.php?rest_route=\/wp\/v2\/users\/1"}],"replies":[{"embeddable":true,"href":"https:\/\/abdulvahitbayrakci.av.tr\/index.php?rest_route=%2Fwp%2Fv2%2Fcomments&post=23"}],"version-history":[{"count":5,"href":"https:\/\/abdulvahitbayrakci.av.tr\/index.php?rest_route=\/wp\/v2\/pages\/23\/revisions"}],"predecessor-version":[{"id":122,"href":"https:\/\/abdulvahitbayrakci.av.tr\/index.php?rest_route=\/wp\/v2\/pages\/23\/revisions\/122"}],"wp:attachment":[{"href":"https:\/\/abdulvahitbayrakci.av.tr\/index.php?rest_route=%2Fwp%2Fv2%2Fmedia&parent=23"}],"curies":[{"name":"wp","href":"https:\/\/api.w.org\/{rel}","templated":true}]}}