{"id":44,"date":"2020-06-21T23:59:00","date_gmt":"2020-06-21T20:59:00","guid":{"rendered":"http:\/\/abdulvahitbayrakci.av.tr\/?page_id=44"},"modified":"2020-07-25T11:04:09","modified_gmt":"2020-07-25T08:04:09","slug":"ceza-hukuku","status":"publish","type":"page","link":"https:\/\/abdulvahitbayrakci.av.tr\/?page_id=44","title":{"rendered":"Ceza Hukuku"},"content":{"rendered":"\n<p><strong>Ceza Kanununun amac\u0131<\/strong><br>Madde 1- (1) Ceza Kanununun amac\u0131; ki\u015fi hak ve \u00f6zg\u00fcrl\u00fcklerini, kamu d\u00fczen ve g\u00fcvenli\u011fini, hukuk devletini, kamu<br>sa\u011fl\u0131\u011f\u0131n\u0131 ve \u00e7evreyi, toplum bar\u0131\u015f\u0131n\u0131 korumak, su\u00e7 i\u015flenmesini \u00f6nlemektir. Kanunda, bu amac\u0131n ger\u00e7ekle\u015ftirilmesi i\u00e7in ceza<br>sorumlulu\u011funun temel esaslar\u0131 ile su\u00e7lar, ceza ve g\u00fcvenlik tedbirlerinin t\u00fcrleri d\u00fczenlenmi\u015ftir.<br>Su\u00e7ta ve cezada kanun\u00eelik ilkesi<br>Madde 2- (1) Kanunun a\u00e7\u0131k\u00e7a su\u00e7 saymad\u0131\u011f\u0131 bir fiil i\u00e7in kimseye ceza verilemez ve g\u00fcvenlik tedbiri uygulanamaz.<br>Kanunda yaz\u0131l\u0131 cezalardan ve g\u00fcvenlik tedbirlerinden ba\u015fka bir ceza ve g\u00fcvenlik tedbirine h\u00fckmolunamaz.<br>(2) \u0130darenin d\u00fczenleyici i\u015flemleriyle su\u00e7 ve ceza konulamaz.<br>(3) Kanunlar\u0131n su\u00e7 ve ceza i\u00e7eren h\u00fck\u00fcmlerinin uygulanmas\u0131nda k\u0131yas yap\u0131lamaz. Su\u00e7 ve ceza i\u00e7eren h\u00fck\u00fcmler,<br>k\u0131yasa yol a\u00e7acak bi\u00e7imde geni\u015f yorumlanamaz.<br>Adalet ve kanun \u00f6n\u00fcnde e\u015fitlik ilkesi<br>Madde 3- (1) Su\u00e7 i\u015fleyen ki\u015fi hakk\u0131nda i\u015flenen fiilin a\u011f\u0131rl\u0131\u011f\u0131yla orant\u0131l\u0131 ceza ve g\u00fcvenlik tedbirine h\u00fckmolunur.<br>(2) Ceza Kanununun uygulamas\u0131nda ki\u015filer aras\u0131nda \u0131rk, dil, din, mezhep, milliyet, renk, cinsiyet, siyasal veya di\u011fer<br>fikir yahut d\u00fc\u015f\u00fcnceleri, felsefi inan\u00e7, milli veya sosyal k\u00f6ken, do\u011fum, ekonomik ve di\u011fer toplumsal konumlar\u0131 y\u00f6n\u00fcnden<br>ayr\u0131m yap\u0131lamaz ve hi\u00e7bir kimseye ayr\u0131cal\u0131k tan\u0131namaz.<br>Kanunun ba\u011flay\u0131c\u0131l\u0131\u011f\u0131<br>Madde 4- (1) Ceza kanunlar\u0131n\u0131 bilmemek mazeret say\u0131lmaz.<br>(2) (M\u00fclga : 29\/6\/2005 \u2013 5377\/1 md.)<br>\u00d6zel kanunlarla ili\u015fki<br>Madde 5- (1) Bu Kanunun genel h\u00fck\u00fcmleri, \u00f6zel ceza kanunlar\u0131 ve ceza i\u00e7eren kanunlardaki su\u00e7lar hakk\u0131nda da<br>uygulan\u0131r.<br>\u2013\u2013\u2013\u2013\u2013\u2013\u2013\u2013\u2013\u2013\u2013\u2013\u2013\u2013\u2013\u2013\u2013\u2013\u2013\u2013<br>(1) Bu Kanunun y\u00fcr\u00fcrl\u00fck ve uygulama \u015fekli ve 765<\/p>\n","protected":false},"excerpt":{"rendered":"<p>Ceza Kanununun amac\u0131Madde 1- (1) Ceza Kanununun amac\u0131; ki\u015fi hak ve \u00f6zg\u00fcrl\u00fcklerini, kamu d\u00fczen ve g\u00fcvenli\u011fini, hukuk devletini, kamusa\u011fl\u0131\u011f\u0131n\u0131 ve \u00e7evreyi, toplum bar\u0131\u015f\u0131n\u0131 korumak, su\u00e7 i\u015flenmesini \u00f6nlemektir. Kanunda, bu amac\u0131n ger\u00e7ekle\u015ftirilmesi i\u00e7in cezasorumlulu\u011funun temel esaslar\u0131 ile su\u00e7lar, ceza ve g\u00fcvenlik tedbirlerinin t\u00fcrleri d\u00fczenlenmi\u015ftir.Su\u00e7ta ve cezada kanun\u00eelik ilkesiMadde 2- (1) Kanunun a\u00e7\u0131k\u00e7a su\u00e7 saymad\u0131\u011f\u0131 bir fiil [&hellip;]<\/p>\n","protected":false},"author":1,"featured_media":0,"parent":21,"menu_order":1,"comment_status":"closed","ping_status":"closed","template":"","meta":[],"_links":{"self":[{"href":"https:\/\/abdulvahitbayrakci.av.tr\/index.php?rest_route=\/wp\/v2\/pages\/44"}],"collection":[{"href":"https:\/\/abdulvahitbayrakci.av.tr\/index.php?rest_route=\/wp\/v2\/pages"}],"about":[{"href":"https:\/\/abdulvahitbayrakci.av.tr\/index.php?rest_route=\/wp\/v2\/types\/page"}],"author":[{"embeddable":true,"href":"https:\/\/abdulvahitbayrakci.av.tr\/index.php?rest_route=\/wp\/v2\/users\/1"}],"replies":[{"embeddable":true,"href":"https:\/\/abdulvahitbayrakci.av.tr\/index.php?rest_route=%2Fwp%2Fv2%2Fcomments&post=44"}],"version-history":[{"count":2,"href":"https:\/\/abdulvahitbayrakci.av.tr\/index.php?rest_route=\/wp\/v2\/pages\/44\/revisions"}],"predecessor-version":[{"id":149,"href":"https:\/\/abdulvahitbayrakci.av.tr\/index.php?rest_route=\/wp\/v2\/pages\/44\/revisions\/149"}],"up":[{"embeddable":true,"href":"https:\/\/abdulvahitbayrakci.av.tr\/index.php?rest_route=\/wp\/v2\/pages\/21"}],"wp:attachment":[{"href":"https:\/\/abdulvahitbayrakci.av.tr\/index.php?rest_route=%2Fwp%2Fv2%2Fmedia&parent=44"}],"curies":[{"name":"wp","href":"https:\/\/api.w.org\/{rel}","templated":true}]}}