{"id":50,"date":"2020-06-22T00:01:22","date_gmt":"2020-06-21T21:01:22","guid":{"rendered":"http:\/\/abdulvahitbayrakci.av.tr\/?page_id=50"},"modified":"2020-07-25T11:06:28","modified_gmt":"2020-07-25T08:06:28","slug":"is-hukuku","status":"publish","type":"page","link":"https:\/\/abdulvahitbayrakci.av.tr\/?page_id=50","title":{"rendered":"\u0130\u015f Hukuku"},"content":{"rendered":"\n<h4>\u0130\u015f Hukuku Nedir? i\u015f Hukuku S\u00fcre\u00e7leri Nelerdir?<\/h4>\n\n\n\n<p>&nbsp;\u0130\u015f ve \u00e7al\u0131\u015fma hayat\u0131n\u0131 d\u00fczenleyen kanunlar\u0131n t\u00fcm\u00fcne i\u015f hukuku denir. Sanayi devriminden sonra anlam kazanmaya ba\u015flayan \u00e7al\u0131\u015fan hukukuna y\u00f6nelik iyile\u015ftirici h\u00fck\u00fcmler, insan haklar\u0131n\u0131n giderek \u00f6nemsenmesinden sonra \u00f6nemli bir konu olmu\u015ftur. \u0130\u015f hukuku, hem \u00e7al\u0131\u015fan\u0131 hem de i\u015fvereni koruyan ve devletle ili\u015fkilerini d\u00fczenleyen kanundur. Kanun ile \u00e7al\u0131\u015fan ve i\u015fveren aras\u0131ndaki h\u00fck\u00fcmler belirlenir ve herhangi bir uyu\u015fmazl\u0131k halinde iki taraf aras\u0131ndaki anla\u015fmazl\u0131k giderilir.<\/p>\n\n\n\n<p><strong>\u0130\u015f hukuku \u00f6zellikleri nelerdir?<\/strong><\/p>\n\n\n\n<p>\u0130\u015f hukukunun en \u00f6nemli \u00f6zelliklerinden birisi i\u015f\u00e7i haklar\u0131n\u0131n korunmas\u0131d\u0131r. \u00c7ok eski d\u00f6nemlerden beri eme\u011fin suiistimale u\u011framas\u0131 ve i\u015fverenlerin \u00e7al\u0131\u015fanlar\u0131 \u00fczerindeki bask\u0131lar\u0131 tart\u0131\u015fma konusu haline gelmi\u015ftir. \u0130\u015f hukuku ile \u00e7al\u0131\u015fan ve i\u015fveren ili\u015fkisinin nas\u0131l d\u00fczenlenece\u011fine dair sarih ve anla\u015f\u0131l\u0131r bir sistem \u00f6ng\u00f6r\u00fclm\u00fc\u015ft\u00fcr. B\u00f6ylece, hem \u00e7al\u0131\u015fan i\u00e7in hem de i\u015fveren i\u00e7in daha berrak bir ili\u015fkiler a\u011f\u0131n\u0131n ortaya \u00e7\u0131kmas\u0131 sa\u011flanm\u0131\u015ft\u0131r. Bu bak\u0131mdan i\u015f hukukunun ba\u015fl\u0131ca \u00f6zelliklerini \u015fu \u015fekilde saymak m\u00fcmk\u00fcnd\u00fcr:<\/p>\n\n\n\n<ol><li>Yaz\u0131n\u0131n ba\u015f\u0131nda da dedi\u011fimiz gibi birinci \u00f6zelli\u011fi i\u015f\u00e7i eme\u011finin ve haklar\u0131n\u0131n korunmas\u0131d\u0131r. \u0130\u015fveren taraf\u0131ndan \u00e7al\u0131\u015fanlar\u0131n insan haklar\u0131na uygunsuz muamele g\u00f6rmesi ve devlet taraf\u0131ndan sa\u011flan\u0131lan haklar\u0131n gasp edilmesi halinde \u00e7al\u0131\u015fanlar yasal haklar\u0131n\u0131 kullanabilir.<\/li><li>\u0130\u015f hukukunda i\u015f\u00e7inin lehine olan emredici nitelikte birtak\u0131m kurallar vard\u0131r. Bu kurallara i\u015fveren uymak ve uygulamak zorundad\u0131r. Mesela, \u00e7al\u0131\u015fana en az asgari \u00fccretin \u00f6denmesine y\u00f6nelik h\u00fck\u00fcmler emredici \u00f6zelliktedir.<\/li><li>\u0130\u015fveren ve i\u015f\u00e7i aras\u0131nda i\u015f hukuku s\u0131n\u0131rlar\u0131 i\u00e7erisinde olmas\u0131 kayd\u0131yla ya\u015fanan bir teredd\u00fct veya sorun halinde i\u015fveren lehine \u00e7\u00f6z\u00fcmler getirilir.<\/li><li>\u0130\u015f\u00e7ilerin sendikalar arac\u0131l\u0131\u011f\u0131 ile y\u00f6netime kat\u0131lacaklar\u0131na dair haklar\u0131n\u0131 koruyan maddeler i\u00e7erir.<\/li><li>\u0130\u015f hukukunun \u00f6nceli\u011fi \u00e7al\u0131\u015fan\u0131n haklar\u0131n\u0131 korumak ve onun ki\u015fili\u011fini muhafaza etmesini sa\u011flamakt\u0131r. \u0130\u015fveren ile i\u015f\u00e7i aras\u0131ndaki s\u00f6zle\u015fme i\u015fin gereksinimlerinden olu\u015fan bir sorumluluk alan\u0131yla s\u0131n\u0131rl\u0131d\u0131r. Bu sorumluluk d\u0131\u015f\u0131nda bir talep ve emir i\u015f\u00e7i taraf\u0131ndan kar\u015f\u0131lanmayabilir.<\/li><li>\u0130\u015f hukuku karma hukuku and\u0131r\u0131r. Devletin de m\u00fcdahil oldu\u011fu hukukta \u00f6zel h\u00fck\u00fcmler de yer al\u0131r.<\/li><\/ol>\n\n\n\n<p><\/p>\n","protected":false},"excerpt":{"rendered":"<p>\u0130\u015f Hukuku Nedir? i\u015f Hukuku S\u00fcre\u00e7leri Nelerdir? &nbsp;\u0130\u015f ve \u00e7al\u0131\u015fma hayat\u0131n\u0131 d\u00fczenleyen kanunlar\u0131n t\u00fcm\u00fcne i\u015f hukuku denir. Sanayi devriminden sonra anlam kazanmaya ba\u015flayan \u00e7al\u0131\u015fan hukukuna y\u00f6nelik iyile\u015ftirici h\u00fck\u00fcmler, insan haklar\u0131n\u0131n giderek \u00f6nemsenmesinden sonra \u00f6nemli bir konu olmu\u015ftur. \u0130\u015f hukuku, hem \u00e7al\u0131\u015fan\u0131 hem de i\u015fvereni koruyan ve devletle ili\u015fkilerini d\u00fczenleyen kanundur. Kanun ile \u00e7al\u0131\u015fan ve i\u015fveren [&hellip;]<\/p>\n","protected":false},"author":1,"featured_media":100,"parent":21,"menu_order":3,"comment_status":"closed","ping_status":"closed","template":"","meta":[],"_links":{"self":[{"href":"https:\/\/abdulvahitbayrakci.av.tr\/index.php?rest_route=\/wp\/v2\/pages\/50"}],"collection":[{"href":"https:\/\/abdulvahitbayrakci.av.tr\/index.php?rest_route=\/wp\/v2\/pages"}],"about":[{"href":"https:\/\/abdulvahitbayrakci.av.tr\/index.php?rest_route=\/wp\/v2\/types\/page"}],"author":[{"embeddable":true,"href":"https:\/\/abdulvahitbayrakci.av.tr\/index.php?rest_route=\/wp\/v2\/users\/1"}],"replies":[{"embeddable":true,"href":"https:\/\/abdulvahitbayrakci.av.tr\/index.php?rest_route=%2Fwp%2Fv2%2Fcomments&post=50"}],"version-history":[{"count":3,"href":"https:\/\/abdulvahitbayrakci.av.tr\/index.php?rest_route=\/wp\/v2\/pages\/50\/revisions"}],"predecessor-version":[{"id":151,"href":"https:\/\/abdulvahitbayrakci.av.tr\/index.php?rest_route=\/wp\/v2\/pages\/50\/revisions\/151"}],"up":[{"embeddable":true,"href":"https:\/\/abdulvahitbayrakci.av.tr\/index.php?rest_route=\/wp\/v2\/pages\/21"}],"wp:featuredmedia":[{"embeddable":true,"href":"https:\/\/abdulvahitbayrakci.av.tr\/index.php?rest_route=\/wp\/v2\/media\/100"}],"wp:attachment":[{"href":"https:\/\/abdulvahitbayrakci.av.tr\/index.php?rest_route=%2Fwp%2Fv2%2Fmedia&parent=50"}],"curies":[{"name":"wp","href":"https:\/\/api.w.org\/{rel}","templated":true}]}}